{"id":3491,"date":"2023-04-14T11:04:31","date_gmt":"2023-04-14T08:04:31","guid":{"rendered":"https:\/\/courses.basetraining.org\/?page_id=3491"},"modified":"2024-05-14T13:05:09","modified_gmt":"2024-05-14T10:05:09","slug":"%ce%b4%ce%b9%ce%b1%ce%b8%ce%ad%cf%83%ce%b9%ce%bc%ce%bf%ce%b9-%cf%84%cf%81%cf%8c%cf%80%ce%bf%ce%b9-%cf%80%ce%bb%ce%b7%cf%81%cf%89%ce%bc%ce%ae%cf%82","status":"publish","type":"page","link":"https:\/\/courses.basetraining.org\/fr\/%ce%b4%ce%b9%ce%b1%ce%b8%ce%ad%cf%83%ce%b9%ce%bc%ce%bf%ce%b9-%cf%84%cf%81%cf%8c%cf%80%ce%bf%ce%b9-%cf%80%ce%bb%ce%b7%cf%81%cf%89%ce%bc%ce%ae%cf%82\/","title":{"rendered":"Modes de paiement disponibles"},"content":{"rendered":"\t\t<div data-elementor-type=\"wp-page\" data-elementor-id=\"3491\" class=\"elementor elementor-3491\">\n\t\t\t\t\t\t\t\t\t<section class=\"elementor-section elementor-top-section elementor-element elementor-element-f83e50e elementor-section-boxed elementor-section-height-default elementor-section-height-default\" data-id=\"f83e50e\" data-element_type=\"section\" data-settings=\"{&quot;background_background&quot;:&quot;classic&quot;}\">\n\t\t\t\t\t\t\t<div class=\"elementor-background-overlay\"><\/div>\n\t\t\t\t\t\t\t<div class=\"elementor-container elementor-column-gap-default\">\n\t\t\t\t\t<div class=\"elementor-column elementor-col-100 elementor-top-column elementor-element elementor-element-ff6f627\" data-id=\"ff6f627\" data-element_type=\"column\">\n\t\t\t<div class=\"elementor-widget-wrap elementor-element-populated\">\n\t\t\t\t\t\t\t\t<div class=\"elementor-element elementor-element-a886415 elementor-widget elementor-widget-theme-post-title elementor-page-title elementor-widget-heading\" data-id=\"a886415\" data-element_type=\"widget\" data-widget_type=\"theme-post-title.default\">\n\t\t\t\t<div class=\"elementor-widget-container\">\n\t\t\t<style>\/*! elementor - v3.13.2 - 11-05-2023 *\/\n.elementor-heading-title{padding:0;margin:0;line-height:1}.elementor-widget-heading .elementor-heading-title[class*=elementor-size-]>a{color:inherit;font-size:inherit;line-height:inherit}.elementor-widget-heading .elementor-heading-title.elementor-size-small{font-size:15px}.elementor-widget-heading .elementor-heading-title.elementor-size-medium{font-size:19px}.elementor-widget-heading .elementor-heading-title.elementor-size-large{font-size:29px}.elementor-widget-heading .elementor-heading-title.elementor-size-xl{font-size:39px}.elementor-widget-heading .elementor-heading-title.elementor-size-xxl{font-size:59px}<\/style><h1 class=\"elementor-heading-title elementor-size-default\">Modes de paiement disponibles<\/h1>\t\t<\/div>\n\t\t\t\t<\/div>\n\t\t\t\t\t<\/div>\n\t\t<\/div>\n\t\t\t\t\t\t\t<\/div>\n\t\t<\/section>\n\t\t\t\t<section class=\"elementor-section elementor-top-section elementor-element elementor-element-422730e elementor-section-boxed elementor-section-height-default elementor-section-height-default\" data-id=\"422730e\" data-element_type=\"section\">\n\t\t\t\t\t\t<div class=\"elementor-container elementor-column-gap-default\">\n\t\t\t\t\t<div class=\"elementor-column elementor-col-100 elementor-top-column elementor-element elementor-element-501fdb0\" data-id=\"501fdb0\" data-element_type=\"column\">\n\t\t\t<div class=\"elementor-widget-wrap elementor-element-populated\">\n\t\t\t\t\t\t\t\t<div class=\"elementor-element elementor-element-b6b80ba elementor-widget elementor-widget-text-editor\" data-id=\"b6b80ba\" data-element_type=\"widget\" data-widget_type=\"text-editor.default\">\n\t\t\t\t<div class=\"elementor-widget-container\">\n\t\t\t<style>\/*! elementor - v3.13.2 - 11-05-2023 *\/\n.elementor-widget-text-editor.elementor-drop-cap-view-stacked .elementor-drop-cap{background-color:#69727d;color:#fff}.elementor-widget-text-editor.elementor-drop-cap-view-framed .elementor-drop-cap{color:#69727d;border:3px solid;background-color:transparent}.elementor-widget-text-editor:not(.elementor-drop-cap-view-default) .elementor-drop-cap{margin-top:8px}.elementor-widget-text-editor:not(.elementor-drop-cap-view-default) .elementor-drop-cap-letter{width:1em;height:1em}.elementor-widget-text-editor .elementor-drop-cap{float:left;text-align:center;line-height:1;font-size:50px}.elementor-widget-text-editor .elementor-drop-cap-letter{display:inline-block}<\/style>\t\t\t\t<p><span style=\"font-family: Arial Greek, sans-serif;\"><span style=\"font-size: small;\"><span lang=\"el-GR\"><i><b>Modes de paiement disponibles<\/b><\/i><\/span><\/span><\/span><\/p><p><span style=\"font-family: Arial Greek, sans-serif;\"><span style=\"font-size: small;\"><span lang=\"el-GR\"><i>Le paiement du s\u00e9minaire peut se faire par virement bancaire.<\/i><\/span><\/span><\/span><\/p><p><span style=\"font-family: Arial Greek, sans-serif;\"><span style=\"font-size: small;\"><span lang=\"el-GR\"><b>COMPTES BANCAIRES<\/b><\/span><\/span><\/span><\/p><p>\u2022<span style=\"font-family: Arial Greek, sans-serif;\"><span style=\"font-size: small;\"><span lang=\"el-GR\">Banque<\/span><\/span><span style=\"font-size: small;\">\u00a0<\/span><span style=\"font-size: small;\"><b>EUROBANK<\/b><\/span><\/span><\/p><p><span style=\"font-family: Arial Greek, sans-serif;\"><span style=\"font-size: small;\">IBAN<\/span><span style=\"font-size: small;\"><span lang=\"el-GR\">:<\/span><\/span><span style=\"font-size: small;\">\u00a0GR<\/span><span style=\"font-size: small;\"><span lang=\"el-GR\">7102604050000450200239437<\/span><\/span><\/span><\/p><p><span style=\"font-family: Arial Greek, sans-serif;\"><span style=\"font-size: small;\"><span lang=\"el-GR\">Nom du titulaire :<\/span><\/span><span style=\"font-size: small;\"> PERSONA GRATA OE (<\/span><span style=\"font-size: small;\"><span lang=\"el-GR\">\u03a0\u0395\u03a1\u03a3\u039f\u039d\u0391 \u0393\u039a\u03a1\u0391\u03a4\u0391 \u039f\u0395)<\/span><\/span><\/span><\/p><p>\u2022<span style=\"font-family: Arial Greek, sans-serif;\"><span style=\"font-size: small;\"><span lang=\"el-GR\">Banque<\/span><\/span><span style=\"font-size: small;\">\u00a0 PEIRAIOS (<\/span><span style=\"font-size: small;\"><span lang=\"el-GR\"><b>\u03a0\u0395\u0399\u03a1\u0391\u0399\u03a9\u03a3)<\/b><\/span><\/span><\/span><\/p><p><span style=\"font-family: Arial Greek, sans-serif;\"><span style=\"font-size: small;\"><span lang=\"el-GR\">\u0399\u0392\u0391\u039d:<\/span><\/span><span style=\"font-size: small;\">\u00a0GR<\/span><span style=\"font-size: small;\"><span lang=\"el-GR\">3701720210005021105232590<\/span><\/span><\/span><\/p><p><span style=\"font-family: Arial Greek, sans-serif;\"><span style=\"font-size: small;\"><span lang=\"el-GR\">Nom du titulaire:<\/span><\/span><span style=\"font-size: small;\"> PERSONA GRATA OE (<\/span><span style=\"font-size: small;\"><span lang=\"el-GR\">\u03a0\u0395\u03a1\u03a3\u039f\u039d\u0391 \u0393\u039a\u03a1\u0391\u03a4\u0391 \u039f\u0395)<\/span><\/span><\/span><\/p><p><span style=\"font-family: Arial Greek, sans-serif;\"><span style=\"font-size: small;\"><span lang=\"el-GR\">Apr\u00e8s chaque d\u00e9pot, le re\u00e7u doit \u00eatre envoy\u00e9 par email \u00e0<\/span><\/span><\/span><span style=\"font-family: Arial Greek, sans-serif;\"><span style=\"font-size: small;\">\u00a0<\/span><\/span><a href=\"mailto:info@basetraining.gr\" target=\"_blank\" rel=\"noopener\"><span style=\"font-family: Arial Greek, sans-serif;\"><span style=\"font-size: small;\"><u>info<\/u><\/span><\/span><span style=\"font-family: Arial Greek, sans-serif;\"><span style=\"font-size: small;\"><span lang=\"el-GR\"><u>@<\/u><\/span><\/span><\/span><span style=\"font-family: Arial Greek, sans-serif;\"><span style=\"font-size: small;\"><u>basetraining<\/u><\/span><\/span><span style=\"font-family: Arial Greek, sans-serif;\"><span style=\"font-size: small;\"><span lang=\"el-GR\"><u>.<\/u><\/span><\/span><\/span><span style=\"font-family: Arial Greek, sans-serif;\"><span style=\"font-size: small;\"><u>gr<\/u><\/span><\/span><\/a><span style=\"font-family: Arial Greek, sans-serif;\"><span style=\"font-size: small;\">\u00a0<\/span><\/span><span style=\"font-family: Arial Greek, sans-serif;\"><span style=\"font-size: small;\"><span lang=\"el-GR\">, en oubliant pas d&#8217;indiquer le nom et pr\u00e9nom du participant comme motif du d\u00e9p\u00f4t.<\/span><\/span><\/span><\/p>\t\t\t\t\t\t<\/div>\n\t\t\t\t<\/div>\n\t\t\t\t\t<\/div>\n\t\t<\/div>\n\t\t\t\t\t\t\t<\/div>\n\t\t<\/section>\n\t\t\t\t\t\t\t<\/div>\n\t\t","protected":false},"excerpt":{"rendered":"<p>Modes de paiement disponibles Le paiement du s\u00e9minaire peut se faire par virement bancaire. COMPTES BANCAIRES \u2022Banque\u00a0EUROBANK IBAN:\u00a0GR7102604050000450200239437 Nom du titulaire : PERSONA GRATA OE (\u03a0\u0395\u03a1\u03a3\u039f\u039d\u0391 \u0393\u039a\u03a1\u0391\u03a4\u0391 \u039f\u0395) \u2022Banque\u00a0 PEIRAIOS (\u03a0\u0395\u0399\u03a1\u0391\u0399\u03a9\u03a3) \u0399\u0392\u0391\u039d:\u00a0GR3701720210005021105232590 Nom du titulaire: PERSONA GRATA OE (\u03a0\u0395\u03a1\u03a3\u039f\u039d\u0391 \u0393\u039a\u03a1\u0391\u03a4\u0391 \u039f\u0395) Apr\u00e8s chaque d\u00e9pot, le re\u00e7u doit \u00eatre envoy\u00e9 par email \u00e0\u00a0info@basetraining.gr\u00a0, en oubliant pas [&hellip;]<\/p>\n","protected":false},"author":1,"featured_media":0,"parent":0,"menu_order":0,"comment_status":"closed","ping_status":"closed","template":"","meta":{"footnotes":""},"class_list":["post-3491","page","type-page","status-publish","hentry"],"_links":{"self":[{"href":"https:\/\/courses.basetraining.org\/fr\/wp-json\/wp\/v2\/pages\/3491","targetHints":{"allow":["GET"]}}],"collection":[{"href":"https:\/\/courses.basetraining.org\/fr\/wp-json\/wp\/v2\/pages"}],"about":[{"href":"https:\/\/courses.basetraining.org\/fr\/wp-json\/wp\/v2\/types\/page"}],"author":[{"embeddable":true,"href":"https:\/\/courses.basetraining.org\/fr\/wp-json\/wp\/v2\/users\/1"}],"replies":[{"embeddable":true,"href":"https:\/\/courses.basetraining.org\/fr\/wp-json\/wp\/v2\/comments?post=3491"}],"version-history":[{"count":14,"href":"https:\/\/courses.basetraining.org\/fr\/wp-json\/wp\/v2\/pages\/3491\/revisions"}],"predecessor-version":[{"id":18209,"href":"https:\/\/courses.basetraining.org\/fr\/wp-json\/wp\/v2\/pages\/3491\/revisions\/18209"}],"wp:attachment":[{"href":"https:\/\/courses.basetraining.org\/fr\/wp-json\/wp\/v2\/media?parent=3491"}],"curies":[{"name":"wp","href":"https:\/\/api.w.org\/{rel}","templated":true}]}}