{"id":3489,"date":"2023-04-14T11:04:23","date_gmt":"2023-04-14T08:04:23","guid":{"rendered":"https:\/\/courses.basetraining.org\/?page_id=3489"},"modified":"2024-04-09T09:16:41","modified_gmt":"2024-04-09T06:16:41","slug":"%cf%8c%cf%81%ce%bf%ce%b9-%cf%87%cf%81%ce%ae%cf%83%ce%b7%cf%82-%ce%b9%cf%83%cf%84%ce%bf%cf%84%cf%8c%cf%80%ce%bf%cf%85","status":"publish","type":"page","link":"https:\/\/courses.basetraining.org\/fr\/%cf%8c%cf%81%ce%bf%ce%b9-%cf%87%cf%81%ce%ae%cf%83%ce%b7%cf%82-%ce%b9%cf%83%cf%84%ce%bf%cf%84%cf%8c%cf%80%ce%bf%cf%85\/","title":{"rendered":"Conditions g\u00e9n\u00e9rales d&#8217;utilisation (CGU)\u00a0"},"content":{"rendered":"\t\t<div data-elementor-type=\"wp-page\" data-elementor-id=\"3489\" class=\"elementor elementor-3489\">\n\t\t\t\t\t\t\t\t\t<section class=\"elementor-section elementor-top-section elementor-element elementor-element-56cfe02 elementor-section-boxed elementor-section-height-default elementor-section-height-default\" data-id=\"56cfe02\" data-element_type=\"section\" data-settings=\"{&quot;background_background&quot;:&quot;classic&quot;}\">\n\t\t\t\t\t\t\t<div class=\"elementor-background-overlay\"><\/div>\n\t\t\t\t\t\t\t<div class=\"elementor-container elementor-column-gap-default\">\n\t\t\t\t\t<div class=\"elementor-column elementor-col-100 elementor-top-column elementor-element elementor-element-c1b87d7\" data-id=\"c1b87d7\" data-element_type=\"column\">\n\t\t\t<div class=\"elementor-widget-wrap elementor-element-populated\">\n\t\t\t\t\t\t\t\t<div class=\"elementor-element elementor-element-f8496ed elementor-widget elementor-widget-theme-post-title elementor-page-title elementor-widget-heading\" data-id=\"f8496ed\" data-element_type=\"widget\" data-widget_type=\"theme-post-title.default\">\n\t\t\t\t<div class=\"elementor-widget-container\">\n\t\t\t<style>\/*! elementor - v3.13.2 - 11-05-2023 *\/\n.elementor-heading-title{padding:0;margin:0;line-height:1}.elementor-widget-heading .elementor-heading-title[class*=elementor-size-]>a{color:inherit;font-size:inherit;line-height:inherit}.elementor-widget-heading .elementor-heading-title.elementor-size-small{font-size:15px}.elementor-widget-heading .elementor-heading-title.elementor-size-medium{font-size:19px}.elementor-widget-heading .elementor-heading-title.elementor-size-large{font-size:29px}.elementor-widget-heading .elementor-heading-title.elementor-size-xl{font-size:39px}.elementor-widget-heading .elementor-heading-title.elementor-size-xxl{font-size:59px}<\/style><h1 class=\"elementor-heading-title elementor-size-default\">Conditions g\u00e9n\u00e9rales d&#8217;utilisation (CGU)\u00a0<\/h1>\t\t<\/div>\n\t\t\t\t<\/div>\n\t\t\t\t\t<\/div>\n\t\t<\/div>\n\t\t\t\t\t\t\t<\/div>\n\t\t<\/section>\n\t\t\t\t<section class=\"elementor-section elementor-top-section elementor-element elementor-element-79ceef1 elementor-section-boxed elementor-section-height-default elementor-section-height-default\" data-id=\"79ceef1\" data-element_type=\"section\">\n\t\t\t\t\t\t<div class=\"elementor-container elementor-column-gap-default\">\n\t\t\t\t\t<div class=\"elementor-column elementor-col-100 elementor-top-column elementor-element elementor-element-357032f\" data-id=\"357032f\" data-element_type=\"column\">\n\t\t\t<div class=\"elementor-widget-wrap elementor-element-populated\">\n\t\t\t\t\t\t\t\t<div class=\"elementor-element elementor-element-33442f5 elementor-widget elementor-widget-text-editor\" data-id=\"33442f5\" data-element_type=\"widget\" data-widget_type=\"text-editor.default\">\n\t\t\t\t<div class=\"elementor-widget-container\">\n\t\t\t<style>\/*! elementor - v3.13.2 - 11-05-2023 *\/\n.elementor-widget-text-editor.elementor-drop-cap-view-stacked .elementor-drop-cap{background-color:#69727d;color:#fff}.elementor-widget-text-editor.elementor-drop-cap-view-framed .elementor-drop-cap{color:#69727d;border:3px solid;background-color:transparent}.elementor-widget-text-editor:not(.elementor-drop-cap-view-default) .elementor-drop-cap{margin-top:8px}.elementor-widget-text-editor:not(.elementor-drop-cap-view-default) .elementor-drop-cap-letter{width:1em;height:1em}.elementor-widget-text-editor .elementor-drop-cap{float:left;text-align:center;line-height:1;font-size:50px}.elementor-widget-text-editor .elementor-drop-cap-letter{display:inline-block}<\/style>\t\t\t\t<ul><li><p><span style=\"font-family: Arial Greek, sans-serif;\"><span lang=\"el-GR\"><b>Protection des donn\u00e9es:<\/b><\/span><\/span><b><\/b><\/p><p class=\"tw-data-text tw-text-large tw-ta\" dir=\"ltr\" data-placeholder=\"Translation\" aria-label=\"Translated text\" data-ved=\"2ahUKEwikveqEqLKFAxWB_7sIHazmCpwQ3ewLegQIBRAU\"><span class=\"Y2IQFc\" lang=\"fr\">Le traitement et la protection des donn\u00e9es personnelles des utilisateurs de ce site Internet sont soumis aux r\u00e8gles d\u00e9finies par le droit national, europ\u00e9en et international en mati\u00e8re de traitement des donn\u00e9es personnelles.\u00a0<\/span><span class=\"Y2IQFc\" lang=\"fr\">Notre compagnie dispose de formulaires \u00e9lectroniques pour la soumission des t\u00e2ches, l&#8217;inscription, l&#8217;\u00e9valuation et la communication o\u00f9 l&#8217;utilisateur\/visiteur peut volontairement fournir certaines donn\u00e9es personnelles telles que son nom, son adresse e-mail, son num\u00e9ro de t\u00e9l\u00e9phone, etc.\u00a0<\/span><span class=\"Y2IQFc\" lang=\"fr\">Notre compagnie collecte uniquement les donn\u00e9es personnelles n\u00e9cessaires au traitement de la demande et \u00e0 la communication et au service ult\u00e9rieurs avec le visiteur\/utilisateur.\u00a0<\/span><span class=\"Y2IQFc\" lang=\"fr\">Ces donn\u00e9es sont utilis\u00e9es exclusivement \u00e0 cette fin et aussi longtemps que n\u00e9cessaire. Notre soci\u00e9t\u00e9 ne collecte en aucun cas des donn\u00e9es personnelles entrant dans des cat\u00e9gories particuli\u00e8res de donn\u00e9es personnelles telles que l&#8217;origine raciale ou ethnique, les donn\u00e9es concernant les croyances religieuses ou les opinions politiques, etc.\u00a0<\/span><span class=\"Y2IQFc\" lang=\"fr\">Le visiteur\/utilisateur peut trouver plus d\u2019informations sur le traitement et la protection des donn\u00e9es personnelles dans la <strong>politique de confidentialit\u00e9<\/strong> de ce site Web.\u00a0<\/span><span class=\"Y2IQFc\" lang=\"fr\">Le visiteur\/utilisateur de ce site internet a la possibilit\u00e9 de contacter le D\u00e9l\u00e9gu\u00e9 \u00e0 la Protection des Donn\u00e9es Personnelles (DPD) de notre soci\u00e9t\u00e9 afin d&#8217;\u00eatre inform\u00e9 de toute conservation de ses donn\u00e9es personnelles et d&#8217;exercer ses droits (tels que rectification, mise \u00e0 jour, supprimation, etc). Le visiteur\/utilisateur peut contacter le DPD \u00e0<\/span><span style=\"font-family: Arial Greek, sans-serif;\"><span lang=\"el-GR\">\u00a0<\/span><\/span><a href=\"mailto:info@basetraining.gr\"><span style=\"font-family: Arial Greek, sans-serif;\">info<\/span><span style=\"font-family: Arial Greek, sans-serif;\"><span lang=\"el-GR\">@<\/span><\/span><span style=\"font-family: Arial Greek, sans-serif;\">basetraining<\/span><span style=\"font-family: Arial Greek, sans-serif;\"><span lang=\"el-GR\">.<\/span><\/span><span style=\"font-family: Arial Greek, sans-serif;\">gr<\/span><\/a><\/p><\/li><li><p><span style=\"font-family: Arial Greek, sans-serif;\"><span lang=\"el-GR\"><b>Politique de <\/b><\/span><b>Cookies<\/b><span lang=\"el-GR\"><b>:\u00a0<\/b><\/span><b><\/b><\/span><span class=\"Y2IQFc\" lang=\"fr\">Lors de la navigation sur ce site Web, notre soci\u00e9t\u00e9 peut collecter des informations d&#8217;identification de l&#8217;utilisateur \u00e0 l&#8217;aide de technologies correspondantes, telles que les cookies et\/ou le suivi des adresses IP (Internet Protocol). Les cookies sont de petits fichiers texte qu&#8217;un site web stocke sur l&#8217;ordinateur ou l&#8217;appareil mobile d&#8217;un utilisateur lorsqu&#8217;il visite un site web.\u00a0<\/span><span class=\"Y2IQFc\" lang=\"fr\">L&#8217;utilisation de cookies permet au site Web de m\u00e9moriser plus facilement des informations sur la visite de l&#8217;utilisateur, telles que votre langue pr\u00e9f\u00e9r\u00e9e, de m\u00e9moriser vos pr\u00e9f\u00e9rences en mati\u00e8re de recherche s\u00e9curis\u00e9e, de calculer le nombre de visiteurs ou de faciliter l&#8217;inscription \u00e0 nos services.<\/span><\/p><\/li><\/ul><p><strong><span style=\"font-family: Arial Greek, sans-serif;\"><span lang=\"el-GR\">Comment gerer les <\/span><\/span><span style=\"font-family: Arial Greek, sans-serif;\">cookies<\/span><\/strong><span style=\"font-family: Arial Greek, sans-serif;\"><span lang=\"el-GR\"><strong>:<\/strong>\u00a0<\/span><\/span><span class=\"Y2IQFc\" lang=\"fr\">Vous pouvez gerer et\/ou supprimer les cookies selon vos souhaits. Les d\u00e9tails peuvent \u00eatre trouv\u00e9s ici : <\/span><span style=\"font-family: Arial Greek, sans-serif;\"><a href=\"http:\/\/www.aboutcookies.org\/\">aboutcookies<\/a><\/span><a href=\"http:\/\/www.aboutcookies.org\/\"><span style=\"font-family: Arial Greek, sans-serif;\"><span lang=\"el-GR\">.<\/span><\/span><span style=\"font-family: Arial Greek, sans-serif;\">org<\/span><\/a><span style=\"font-family: Arial Greek, sans-serif;\"><span lang=\"el-GR\">.\u00a0<\/span><\/span><span class=\"Y2IQFc\" lang=\"fr\">Vous pouvez supprimer tous les cookies d\u00e9j\u00e0 pr\u00e9sents sur votre ordinateur, ainsi que configurer la plupart des navigateurs pour emp\u00eacher l&#8217;installation de cookies.\u00a0<\/span><span class=\"Y2IQFc\" lang=\"fr\">Cependant, dans ce cas, vous devrez peut-\u00eatre ajuster vous-m\u00eame certaines pr\u00e9f\u00e9rences \u00e0 chaque fois que vous visitez un site Internet. L&#8217;utilisateur peut utiliser le site Internet sans probl\u00e8mes et sans utilisation de cookies, mais \u00e9ventuellement au d\u00e9triment du fonctionnement de certains de ses services.<\/span><\/p><ul><li><span style=\"font-family: Arial Greek, sans-serif;\"><span lang=\"el-GR\"><b>Limitation de responsabilit\u00e9 de notre compagnie:\u00a0<\/b><\/span><\/span><span class=\"Y2IQFc\" lang=\"fr\">L&#8217;objectif de ce site Internet est d&#8217;informer de mani\u00e8re optimale le visiteur\/utilisateur et de mettre en relation les professionnels avec les visiteurs qui souhaitent un emploi. Le niveau de s\u00e9curit\u00e9 est proportionnel et notre soci\u00e9t\u00e9 met tout en \u0153uvre pour le fonctionnement complet, techniquement fluide et s\u00e9curis\u00e9 du site Internet.\u00a0<\/span><span class=\"Y2IQFc\" lang=\"fr\">Notre soci\u00e9t\u00e9 ne garantit pas que les services de ce site Web et de ses pages individuelles seront fournis sans interruption et sans erreurs. Notre soci\u00e9t\u00e9 ne garantit pas que ce site Web ou tout autre site Web associ\u00e9 ou les serveurs (\u00ab servers \u00bb) par lesquels le contenu est mis \u00e0 la disposition des visiteurs\/utilisateurs sont fournis sans \u00ab virus \u00bb ou autres composants nuisibles.\u00a0<\/span><span class=\"Y2IQFc\" lang=\"fr\">Notre compagnie n&#8217;est pas responsable des erreurs, omissions ou autres d\u00e9fauts, retards ou interruptions dans la fourniture des donn\u00e9es du site Web, ni de toute action li\u00e9e \u00e0 ou d\u00e9coulant de l&#8217;utilisation de ces donn\u00e9es.<\/span><\/li><li><span lang=\"el-GR\" style=\"font-family: 'Arial Greek', sans-serif;\"><span lang=\"el-GR\" style=\"font-family: 'Arial Greek', sans-serif;\"><b>Utilisation des sites Web tiers: <\/b>Ce site Web peut contenir des \u00ab liens \u00bb vers d&#8217;autres sites Web. Notre site Web ne contr\u00f4le pas la disponibilit\u00e9, le contenu, la politique de confidentialit\u00e9 et la qualit\u00e9 des services d&#8217;autres sites Web, auxquels il renvoie via des \u00ab liens \u00bb, des \u00ab hyperliens \u00bb (hyperlinks) ou des banni\u00e8res (banners) et n&#8217;en est pas responsable. Notre site Web ne doit en aucun cas \u00eatre consid\u00e9r\u00e9 comme avalisant ou acceptant le contenu ou les services des sites Web et des pages auxquels il renvoie ou comme y \u00e9tant connect\u00e9 de toute autre mani\u00e8re. Notre soci\u00e9t\u00e9 ne garantit pas et n&#8217;est pas responsable du contenu et du fonctionnement des liens disponibles par son interm\u00e9diaire ou auxquels elle renvoie. Notre site Internet peut contenir des \u00ab liens \u00bb vers d&#8217;autres sites Internet ou utiliser des sites Internet (liens). Notre soci\u00e9t\u00e9 ne contr\u00f4le pas la disponibilit\u00e9, le contenu, la politique de confidentialit\u00e9, la qualit\u00e9 et l&#8217;exhaustivit\u00e9 des services d&#8217;autres sites Internet, auxquels elle renvoie par le biais de \u00ab liens \u00bb, de <span style=\"font-family: Georgia, 'Times New Roman', 'Bitstream Charter', Times, serif;\">hyperliens \u00bb.<\/span><\/span><\/span><\/li><li><span style=\"font-family: Arial Greek, sans-serif;\"><span style=\"font-family: Arial Greek, sans-serif;\"><span lang=\"el-GR\"><b>Loi applicable<\/b><\/span><span lang=\"el-GR\">: <\/span><\/span><\/span>Les termes et conditions d&#8217;utilisation de ce site Internet ainsi que toute modification ou changement de ceux-ci sont r\u00e9gis par le droit national, europ\u00e9en et international. Les dispositions des conditions d&#8217;utilisation contraires au cadre juridique ci-dessus cessent automatiquement de s&#8217;appliquer et sont supprim\u00e9es du site sans affecter la validit\u00e9 des autres conditions d&#8217;utilisation.<\/li><li><p><span style=\"font-family: Arial Greek, sans-serif;\"><span lang=\"el-GR\"><b>Contact:\u00a0<\/b><\/span><b><\/b><\/span><span class=\"Y2IQFc\" lang=\"fr\">Afin de communiquer concernant des probl\u00e8mes de contenu du site Web ou des questions\/demandes juridiques connexes, veuillez envoyer un e-mail \u00e0 <\/span><span style=\"font-family: Arial Greek, sans-serif;\">info<span lang=\"el-GR\">@<\/span>basetraining<span lang=\"el-GR\">.<\/span>gr .<\/span><\/p><\/li><\/ul>\t\t\t\t\t\t<\/div>\n\t\t\t\t<\/div>\n\t\t\t\t\t<\/div>\n\t\t<\/div>\n\t\t\t\t\t\t\t<\/div>\n\t\t<\/section>\n\t\t\t\t\t\t\t<\/div>\n\t\t","protected":false},"excerpt":{"rendered":"<p>Protection des donn\u00e9es: Le traitement et la protection des donn\u00e9es personnelles des utilisateurs de ce site Internet sont soumis aux r\u00e8gles d\u00e9finies par le droit national, europ\u00e9en et international en mati\u00e8re de traitement des donn\u00e9es personnelles.\u00a0Notre compagnie dispose de formulaires \u00e9lectroniques pour la soumission des t\u00e2ches, l&#8217;inscription, l&#8217;\u00e9valuation et la communication o\u00f9 l&#8217;utilisateur\/visiteur peut volontairement [&hellip;]<\/p>\n","protected":false},"author":1,"featured_media":0,"parent":0,"menu_order":0,"comment_status":"closed","ping_status":"closed","template":"","meta":{"footnotes":""},"class_list":["post-3489","page","type-page","status-publish","hentry"],"_links":{"self":[{"href":"https:\/\/courses.basetraining.org\/fr\/wp-json\/wp\/v2\/pages\/3489","targetHints":{"allow":["GET"]}}],"collection":[{"href":"https:\/\/courses.basetraining.org\/fr\/wp-json\/wp\/v2\/pages"}],"about":[{"href":"https:\/\/courses.basetraining.org\/fr\/wp-json\/wp\/v2\/types\/page"}],"author":[{"embeddable":true,"href":"https:\/\/courses.basetraining.org\/fr\/wp-json\/wp\/v2\/users\/1"}],"replies":[{"embeddable":true,"href":"https:\/\/courses.basetraining.org\/fr\/wp-json\/wp\/v2\/comments?post=3489"}],"version-history":[{"count":19,"href":"https:\/\/courses.basetraining.org\/fr\/wp-json\/wp\/v2\/pages\/3489\/revisions"}],"predecessor-version":[{"id":16135,"href":"https:\/\/courses.basetraining.org\/fr\/wp-json\/wp\/v2\/pages\/3489\/revisions\/16135"}],"wp:attachment":[{"href":"https:\/\/courses.basetraining.org\/fr\/wp-json\/wp\/v2\/media?parent=3489"}],"curies":[{"name":"wp","href":"https:\/\/api.w.org\/{rel}","templated":true}]}}